{"id":141,"date":"2023-12-03T04:42:41","date_gmt":"2023-12-03T01:42:41","guid":{"rendered":"https:\/\/onlineogretmenim.com\/?page_id=141"},"modified":"2023-12-04T21:51:30","modified_gmt":"2023-12-04T18:51:30","slug":"uzaktan-egitim-nedir","status":"publish","type":"page","link":"https:\/\/onlineogretmenim.com\/?page_id=141","title":{"rendered":"Uzaktan E\u011fitim Nedir?"},"content":{"rendered":"\n<div class=\"wp-block-columns is-layout-flex wp-container-core-columns-layout-1 wp-block-columns-is-layout-flex\">\n<div class=\"wp-block-column is-layout-flow wp-block-column-is-layout-flow\">\n<p>Uzaktan e\u011fitim, \u00f6\u011frenci ile \u00f6\u011fretmenin ayn\u0131 ortamda bulunmad\u0131\u011f\u0131 durumlarda kullan\u0131lan geli\u015fmi\u015f e\u011fitim teknolojilerini tan\u0131mlar. \u201cE-learning\u201d ya da \u201ce-e\u011fitim\u201d teknolojileri kullan\u0131larak y\u00fcr\u00fct\u00fclen uzaktan e\u011fitim sayesinde \u00f6\u011frenciler mek\u00e2ndan ba\u011f\u0131ms\u0131z kolayl\u0131kla dersleri takip edebilir, s\u0131navlara kat\u0131labilir ve \u00e7e\u015fitli etkinliklerde yer alabilir.<\/p>\n\n\n\n<p>\u00d6\u011fretmen ve \u00f6\u011frencinin ayn\u0131 yerde olmad\u0131\u011f\u0131, \u00f6rg\u00fcn \u00f6\u011fretimin y\u00fcr\u00fct\u00fclemedi\u011fi durumlarda uzaktan e\u011fitimin daha etkili bir y\u00f6ntem oldu\u011fu s\u00f6ylenebilir. Uzaktan e\u011fitimde \u00f6zel olarak haz\u0131rlanm\u0131\u015f interaktif e\u011fitim materyalleri kullan\u0131l\u0131r. \u00d6\u011frenciler, uzaktan \u00f6\u011fretimin yap\u0131s\u0131n\u0131 kavrad\u0131ktan sonra, animasyonlar ve interaktif etkinliklerle zenginle\u015ftirilen uzaktan e\u011fitimin \u00f6rg\u00fcn e\u011fitimden daha farkl\u0131 dinamiklerinin oldu\u011funu g\u00f6rmektedir.<\/p>\n\n\n\n<p>Uzaktan e\u011fitim, radyo veya televizyon \u00fczerinden yap\u0131labilir. Ancak g\u00fcn\u00fcm\u00fczde internet eri\u015fiminin artmas\u0131yla birlikte genellikle online olarak yap\u0131lmaktad\u0131r.<\/p>\n<\/div>\n<\/div>\n\n\n\n<p><\/p>\n\n\n\n<figure class=\"wp-block-image aligncenter size-full is-resized\"><img loading=\"lazy\" decoding=\"async\" width=\"763\" height=\"429\" src=\"https:\/\/onlineogretmenim.com\/wp-content\/uploads\/2023\/12\/Online-class-prepared-881x495-1.jpg\" alt=\"\" class=\"wp-image-120\" style=\"width:616px;height:auto\" srcset=\"https:\/\/onlineogretmenim.com\/wp-content\/uploads\/2023\/12\/Online-class-prepared-881x495-1.jpg 763w, https:\/\/onlineogretmenim.com\/wp-content\/uploads\/2023\/12\/Online-class-prepared-881x495-1-300x169.jpg 300w, https:\/\/onlineogretmenim.com\/wp-content\/uploads\/2023\/12\/Online-class-prepared-881x495-1-600x337.jpg 600w\" sizes=\"(max-width: 763px) 100vw, 763px\" \/><\/figure>\n","protected":false},"excerpt":{"rendered":"<p>Uzaktan e\u011fitim, \u00f6\u011frenci ile \u00f6\u011fretmenin ayn\u0131 ortamda bulunmad\u0131\u011f\u0131 durumlarda kullan\u0131lan geli\u015fmi\u015f e\u011fitim teknolojilerini tan\u0131mlar. \u201cE-learning\u201d ya da \u201ce-e\u011fitim\u201d teknolojileri kullan\u0131larak y\u00fcr\u00fct\u00fclen uzaktan e\u011fitim sayesinde \u00f6\u011frenciler mek\u00e2ndan ba\u011f\u0131ms\u0131z kolayl\u0131kla dersleri takip edebilir, s\u0131navlara kat\u0131labilir ve \u00e7e\u015fitli etkinliklerde yer alabilir. \u00d6\u011fretmen ve \u00f6\u011frencinin ayn\u0131 yerde olmad\u0131\u011f\u0131, \u00f6rg\u00fcn \u00f6\u011fretimin y\u00fcr\u00fct\u00fclemedi\u011fi durumlarda uzaktan e\u011fitimin daha etkili bir y\u00f6ntem oldu\u011fu [&hellip;]<\/p>\n","protected":false},"author":1,"featured_media":0,"parent":0,"menu_order":0,"comment_status":"closed","ping_status":"closed","template":"","meta":{"_uag_custom_page_level_css":"","_monsterinsights_skip_tracking":false,"_monsterinsights_sitenote_active":false,"_monsterinsights_sitenote_note":"","_monsterinsights_sitenote_category":0,"_swt_meta_header_display":false,"_swt_meta_footer_display":false,"_swt_meta_site_title_display":false,"_swt_meta_sticky_header":false,"_swt_meta_transparent_header":false,"footnotes":""},"aioseo_notices":[],"uagb_featured_image_src":{"full":false,"thumbnail":false,"medium":false,"medium_large":false,"large":false,"1536x1536":false,"2048x2048":false},"uagb_author_info":{"display_name":"onlineogretmenim.com","author_link":"https:\/\/onlineogretmenim.com\/?author=1"},"uagb_comment_info":0,"uagb_excerpt":"Uzaktan e\u011fitim, \u00f6\u011frenci ile \u00f6\u011fretmenin ayn\u0131 ortamda bulunmad\u0131\u011f\u0131 durumlarda kullan\u0131lan geli\u015fmi\u015f e\u011fitim teknolojilerini tan\u0131mlar. \u201cE-learning\u201d ya da \u201ce-e\u011fitim\u201d teknolojileri kullan\u0131larak y\u00fcr\u00fct\u00fclen uzaktan e\u011fitim sayesinde \u00f6\u011frenciler mek\u00e2ndan ba\u011f\u0131ms\u0131z kolayl\u0131kla dersleri takip edebilir, s\u0131navlara kat\u0131labilir ve \u00e7e\u015fitli etkinliklerde yer alabilir. \u00d6\u011fretmen ve \u00f6\u011frencinin ayn\u0131 yerde olmad\u0131\u011f\u0131, \u00f6rg\u00fcn \u00f6\u011fretimin y\u00fcr\u00fct\u00fclemedi\u011fi durumlarda uzaktan e\u011fitimin daha etkili bir y\u00f6ntem oldu\u011fu&hellip;","_links":{"self":[{"href":"https:\/\/onlineogretmenim.com\/index.php?rest_route=\/wp\/v2\/pages\/141"}],"collection":[{"href":"https:\/\/onlineogretmenim.com\/index.php?rest_route=\/wp\/v2\/pages"}],"about":[{"href":"https:\/\/onlineogretmenim.com\/index.php?rest_route=\/wp\/v2\/types\/page"}],"author":[{"embeddable":true,"href":"https:\/\/onlineogretmenim.com\/index.php?rest_route=\/wp\/v2\/users\/1"}],"replies":[{"embeddable":true,"href":"https:\/\/onlineogretmenim.com\/index.php?rest_route=%2Fwp%2Fv2%2Fcomments&post=141"}],"version-history":[{"count":3,"href":"https:\/\/onlineogretmenim.com\/index.php?rest_route=\/wp\/v2\/pages\/141\/revisions"}],"predecessor-version":[{"id":237,"href":"https:\/\/onlineogretmenim.com\/index.php?rest_route=\/wp\/v2\/pages\/141\/revisions\/237"}],"wp:attachment":[{"href":"https:\/\/onlineogretmenim.com\/index.php?rest_route=%2Fwp%2Fv2%2Fmedia&parent=141"}],"curies":[{"name":"wp","href":"https:\/\/api.w.org\/{rel}","templated":true}]}}