{"id":213,"date":"2023-12-04T19:47:27","date_gmt":"2023-12-04T16:47:27","guid":{"rendered":"https:\/\/onlineogretmenim.com\/?page_id=213"},"modified":"2023-12-04T19:47:29","modified_gmt":"2023-12-04T16:47:29","slug":"online-egitimin-avantajlari-2","status":"publish","type":"page","link":"https:\/\/onlineogretmenim.com\/?page_id=213","title":{"rendered":"Online E\u011fitimin Avantajlar\u0131"},"content":{"rendered":"\n<p>Teknolojinin ilerlemesi pek \u00e7ok alanda oldu\u011fu gibi, e\u011fitim alan\u0131nda da hem \u00f6\u011frenciler ve veliler hem de \u00f6\u011fretmenler i\u00e7in b\u00fcy\u00fck kolayl\u0131klar sa\u011fl\u0131yor. Online e\u011fitim bu anlamda hem sa\u011flad\u0131\u011f\u0131 kolayl\u0131klar hem de geli\u015fmi\u015f teknoloji kullan\u0131m\u0131 sayesinde sundu\u011fu \u00f6\u011frenme f\u0131rsatlar\u0131 a\u00e7\u0131s\u0131ndan \u00f6ne \u00e7\u0131k\u0131yor. Online e\u011fitimin avantajlar\u0131n\u0131 \u00fc\u00e7 genel ba\u015fl\u0131k alt\u0131nda inceleyelim.<\/p>\n\n\n\n<h4 class=\"wp-block-heading\">1. Masraflar\u0131n Azalmas\u0131<\/h4>\n\n\n\n<p>Online kaynaklara eri\u015fimin giderek kolayla\u015fmas\u0131 sayesinde daha az b\u00fct\u00e7eyle daha etkili bir e\u011fitim alma f\u0131rsat\u0131 do\u011fuyor. Tek bir sistem \u00fczerinden \u00e7ok say\u0131da \u00f6\u011frenciye eri\u015fim \u015fans\u0131, e\u011fitim maliyetlerini d\u00fc\u015f\u00fcr\u00fcyor. Ayr\u0131ca \u00f6\u011frencilerin evden okula gitme, d\u0131\u015far\u0131da yemek yeme masraflar\u0131 olmad\u0131\u011f\u0131 gibi teknolojik olanaklar sayesinde ilave ara\u00e7-gere\u00e7 edinme harcamalar\u0131 da azal\u0131yor.<\/p>\n\n\n\n<figure class=\"wp-block-image aligncenter is-resized\"><img loading=\"lazy\" decoding=\"async\" width=\"709\" height=\"815\" src=\"https:\/\/onlineogretmenim.com\/wp-content\/uploads\/2023\/12\/online-egitim-nedir.png\" alt=\"\" class=\"wp-image-119\" style=\"width:384px;height:auto\" srcset=\"https:\/\/onlineogretmenim.com\/wp-content\/uploads\/2023\/12\/online-egitim-nedir.png 709w, https:\/\/onlineogretmenim.com\/wp-content\/uploads\/2023\/12\/online-egitim-nedir-261x300.png 261w, https:\/\/onlineogretmenim.com\/wp-content\/uploads\/2023\/12\/online-egitim-nedir-600x690.png 600w\" sizes=\"(max-width: 709px) 100vw, 709px\" \/><\/figure>\n\n\n\n<h4 class=\"wp-block-heading\">2. Yer ve Zaman \u00d6zg\u00fcrl\u00fc\u011f\u00fc<\/h4>\n\n\n\n<p>Online e\u011fitim materyalleri, \u00f6\u011frencilerin yer ve zamandan ba\u011f\u0131ms\u0131z olarak e\u011fitime kat\u0131lmas\u0131n\u0131 sa\u011flar. \u00d6\u011frenciler okula gitmeden, istedikleri yer ve zamanda, en iyi \u015fekilde e\u011fitim g\u00f6rme \u015fans\u0131na sahip olurlar.<\/p>\n\n\n\n<p>\u00c7e\u015fitli nedenlerle okula gitmeleri m\u00fcmk\u00fcn olmayan veya okul d\u0131\u015f\u0131 zamanlarda \u00f6\u011frenciler Online E\u011fitim Platformu \u00fczerinden derslerine, \u00f6devlerine ve s\u0131navlar\u0131na rahatl\u0131kla eri\u015fim sa\u011flayarak m\u00fcfredat\u0131n hi\u00e7bir a\u015famas\u0131n\u0131 ka\u00e7\u0131rmam\u0131\u015f, tekrarlam\u0131\u015f olurlar.<\/p>\n\n\n\n<figure class=\"wp-block-image aligncenter is-resized\"><img loading=\"lazy\" decoding=\"async\" width=\"960\" height=\"912\" src=\"https:\/\/onlineogretmenim.com\/wp-content\/uploads\/2023\/12\/online-egitimin-avantajlari-1.png\" alt=\"\" class=\"wp-image-123\" style=\"width:488px;height:auto\" srcset=\"https:\/\/onlineogretmenim.com\/wp-content\/uploads\/2023\/12\/online-egitimin-avantajlari-1.png 960w, https:\/\/onlineogretmenim.com\/wp-content\/uploads\/2023\/12\/online-egitimin-avantajlari-1-300x285.png 300w, https:\/\/onlineogretmenim.com\/wp-content\/uploads\/2023\/12\/online-egitimin-avantajlari-1-768x730.png 768w, https:\/\/onlineogretmenim.com\/wp-content\/uploads\/2023\/12\/online-egitimin-avantajlari-1-600x570.png 600w\" sizes=\"(max-width: 960px) 100vw, 960px\" \/><\/figure>\n\n\n\n<h4 class=\"wp-block-heading\">3. Zengin \u0130\u00e7erik ve Aktif \u00d6\u011frenme<\/h4>\n\n\n\n<p>Uzaktan e\u011fitim sistemi bireylerin kendi tercihlerine dayal\u0131d\u0131r. Birey odakl\u0131 bir sistem olmas\u0131 nedeniyle \u00f6\u011frenciler s\u00fcre\u00e7 i\u00e7erisinde daha aktif olarak yer al\u0131rlar. \u00d6\u011frenci daha verimli ve \u00fcretken olabilece\u011fi zaman\u0131 ve mek\u00e2n\u0131 kendisi se\u00e7erek \u00f6\u011frenim s\u00fcrecine ba\u015far\u0131yla devam eder. \u00d6\u011frencinin yapt\u0131\u011f\u0131 \u00e7al\u0131\u015fmalar \u00f6\u011frenme analitikleri altyap\u0131lar\u0131 ile anl\u0131k olarak izlenebilir, bireysel \u00f6\u011frenme \u00f6r\u00fcnt\u00fcleri ke\u015ffedilerek ki\u015fiye \u00f6zg\u00fc \u00f6\u011frenme s\u00fcre\u00e7lerinin tasarlanabilmesi m\u00fcmk\u00fcnd\u00fcr.<\/p>\n\n\n\n<figure class=\"wp-block-image aligncenter is-resized\"><img loading=\"lazy\" decoding=\"async\" width=\"1080\" height=\"1080\" src=\"https:\/\/onlineogretmenim.com\/wp-content\/uploads\/2023\/12\/5C3CB6C9-E374-4D55-B0E6-7B29F96395F8-1080x1080-1.jpeg\" alt=\"\" class=\"wp-image-124\" style=\"width:447px;height:auto\" srcset=\"https:\/\/onlineogretmenim.com\/wp-content\/uploads\/2023\/12\/5C3CB6C9-E374-4D55-B0E6-7B29F96395F8-1080x1080-1.jpeg 1080w, https:\/\/onlineogretmenim.com\/wp-content\/uploads\/2023\/12\/5C3CB6C9-E374-4D55-B0E6-7B29F96395F8-1080x1080-1-300x300.jpeg 300w, https:\/\/onlineogretmenim.com\/wp-content\/uploads\/2023\/12\/5C3CB6C9-E374-4D55-B0E6-7B29F96395F8-1080x1080-1-1024x1024.jpeg 1024w, https:\/\/onlineogretmenim.com\/wp-content\/uploads\/2023\/12\/5C3CB6C9-E374-4D55-B0E6-7B29F96395F8-1080x1080-1-150x150.jpeg 150w, https:\/\/onlineogretmenim.com\/wp-content\/uploads\/2023\/12\/5C3CB6C9-E374-4D55-B0E6-7B29F96395F8-1080x1080-1-768x768.jpeg 768w, https:\/\/onlineogretmenim.com\/wp-content\/uploads\/2023\/12\/5C3CB6C9-E374-4D55-B0E6-7B29F96395F8-1080x1080-1-600x600.jpeg 600w, https:\/\/onlineogretmenim.com\/wp-content\/uploads\/2023\/12\/5C3CB6C9-E374-4D55-B0E6-7B29F96395F8-1080x1080-1-100x100.jpeg 100w\" sizes=\"(max-width: 1080px) 100vw, 1080px\" \/><\/figure>\n","protected":false},"excerpt":{"rendered":"<p>Teknolojinin ilerlemesi pek \u00e7ok alanda oldu\u011fu gibi, e\u011fitim alan\u0131nda da hem \u00f6\u011frenciler ve veliler hem de \u00f6\u011fretmenler i\u00e7in b\u00fcy\u00fck kolayl\u0131klar sa\u011fl\u0131yor. Online e\u011fitim bu anlamda hem sa\u011flad\u0131\u011f\u0131 kolayl\u0131klar hem de geli\u015fmi\u015f teknoloji kullan\u0131m\u0131 sayesinde sundu\u011fu \u00f6\u011frenme f\u0131rsatlar\u0131 a\u00e7\u0131s\u0131ndan \u00f6ne \u00e7\u0131k\u0131yor. Online e\u011fitimin avantajlar\u0131n\u0131 \u00fc\u00e7 genel ba\u015fl\u0131k alt\u0131nda inceleyelim. 1. Masraflar\u0131n Azalmas\u0131 Online kaynaklara eri\u015fimin giderek [&hellip;]<\/p>\n","protected":false},"author":1,"featured_media":0,"parent":0,"menu_order":0,"comment_status":"closed","ping_status":"closed","template":"","meta":{"_uag_custom_page_level_css":"","_monsterinsights_skip_tracking":false,"_monsterinsights_sitenote_active":false,"_monsterinsights_sitenote_note":"","_monsterinsights_sitenote_category":0,"_swt_meta_header_display":false,"_swt_meta_footer_display":false,"_swt_meta_site_title_display":false,"_swt_meta_sticky_header":false,"_swt_meta_transparent_header":false,"footnotes":""},"aioseo_notices":[],"uagb_featured_image_src":{"full":false,"thumbnail":false,"medium":false,"medium_large":false,"large":false,"1536x1536":false,"2048x2048":false},"uagb_author_info":{"display_name":"onlineogretmenim.com","author_link":"https:\/\/onlineogretmenim.com\/?author=1"},"uagb_comment_info":0,"uagb_excerpt":"Teknolojinin ilerlemesi pek \u00e7ok alanda oldu\u011fu gibi, e\u011fitim alan\u0131nda da hem \u00f6\u011frenciler ve veliler hem de \u00f6\u011fretmenler i\u00e7in b\u00fcy\u00fck kolayl\u0131klar sa\u011fl\u0131yor. Online e\u011fitim bu anlamda hem sa\u011flad\u0131\u011f\u0131 kolayl\u0131klar hem de geli\u015fmi\u015f teknoloji kullan\u0131m\u0131 sayesinde sundu\u011fu \u00f6\u011frenme f\u0131rsatlar\u0131 a\u00e7\u0131s\u0131ndan \u00f6ne \u00e7\u0131k\u0131yor. Online e\u011fitimin avantajlar\u0131n\u0131 \u00fc\u00e7 genel ba\u015fl\u0131k alt\u0131nda inceleyelim. 1. Masraflar\u0131n Azalmas\u0131 Online kaynaklara eri\u015fimin giderek&hellip;","_links":{"self":[{"href":"https:\/\/onlineogretmenim.com\/index.php?rest_route=\/wp\/v2\/pages\/213"}],"collection":[{"href":"https:\/\/onlineogretmenim.com\/index.php?rest_route=\/wp\/v2\/pages"}],"about":[{"href":"https:\/\/onlineogretmenim.com\/index.php?rest_route=\/wp\/v2\/types\/page"}],"author":[{"embeddable":true,"href":"https:\/\/onlineogretmenim.com\/index.php?rest_route=\/wp\/v2\/users\/1"}],"replies":[{"embeddable":true,"href":"https:\/\/onlineogretmenim.com\/index.php?rest_route=%2Fwp%2Fv2%2Fcomments&post=213"}],"version-history":[{"count":1,"href":"https:\/\/onlineogretmenim.com\/index.php?rest_route=\/wp\/v2\/pages\/213\/revisions"}],"predecessor-version":[{"id":214,"href":"https:\/\/onlineogretmenim.com\/index.php?rest_route=\/wp\/v2\/pages\/213\/revisions\/214"}],"wp:attachment":[{"href":"https:\/\/onlineogretmenim.com\/index.php?rest_route=%2Fwp%2Fv2%2Fmedia&parent=213"}],"curies":[{"name":"wp","href":"https:\/\/api.w.org\/{rel}","templated":true}]}}