{"id":233,"date":"2023-12-04T21:22:24","date_gmt":"2023-12-04T18:22:24","guid":{"rendered":"https:\/\/onlineogretmenim.com\/?page_id=233"},"modified":"2023-12-17T22:08:01","modified_gmt":"2023-12-17T19:08:01","slug":"iletisim-formu","status":"publish","type":"page","link":"https:\/\/onlineogretmenim.com\/?page_id=233","title":{"rendered":"Randevu Formu"},"content":{"rendered":"\n<p>Randevu almak istedi\u011finiz ders saatini konu k\u0131sm\u0131nda belirtiniz. En k\u0131sa s\u00fcrede taraf\u0131n\u0131za d\u00f6n\u00fc\u015f sa\u011flayaca\u011f\u0131z. <\/p>\n\n\n\n<div class=\"wp-block-jetpack-contact-form\" style=\"padding-top:16px;padding-right:16px;padding-bottom:16px;padding-left:16px\">\n<\/div>\n\n\n\n<div class=\"wp-block-group has-global-padding is-layout-constrained wp-block-group-is-layout-constrained\">\n<div class=\"wp-block-group has-global-padding is-layout-constrained wp-block-group-is-layout-constrained\">\n<div class=\"wp-block-uagb-container uagb-block-f4d75806 default uagb-is-root-container\">\n<div class=\"wp-block-uagb-forms uagb-forms__outer-wrap uagb-block-9a9e9557 uagb-forms__medium-btn\"><form class=\"uagb-forms-main-form\" method=\"post\" autocomplete=\"on\" name=\"uagb-form-9a9e9557\">\n<div class=\"wp-block-uagb-forms-name uagb-forms-name-wrap uagb-forms-field-set uagb-block-46577c7d\"><div class=\"uagb-forms-name-label required uagb-forms-input-label\" id=\"46577c7d\">Ad\u0131n\u0131z<\/div><input type=\"text\" placeholder=\"John\" required class=\"uagb-forms-name-input uagb-forms-input\" name=\"46577c7d\" autocomplete=\"given-name\"\/><\/div>\n\n\n\n<div class=\"wp-block-uagb-forms-name uagb-forms-name-wrap uagb-forms-field-set uagb-block-c6a3c03c\"><div class=\"uagb-forms-name-label required uagb-forms-input-label\" id=\"c6a3c03c\">Soyad\u0131n\u0131z<\/div><input type=\"text\" placeholder=\"Doe\" required class=\"uagb-forms-name-input uagb-forms-input\" name=\"c6a3c03c\" autocomplete=\"family-name\"\/><\/div>\n\n\n\n<div class=\"wp-block-uagb-forms-email uagb-forms-email-wrap uagb-forms-field-set uagb-block-9c4a6183\"><div class=\"uagb-forms-email-label  uagb-forms-input-label\" id=\"9c4a6183\">Email<\/div><input type=\"email\" class=\"uagb-forms-email-input uagb-forms-input\" placeholder=\"example@mail.com\" name=\"9c4a6183\" autocomplete=\"email\"\/><\/div>\n\n\n\n<div class=\"wp-block-uagb-forms-textarea uagb-forms-textarea-wrap uagb-forms-field-set uagb-block-cc1249be\"><div class=\"uagb-forms-textarea-label required uagb-forms-input-label\" id=\"cc1249be\">Konu Belirtiniz<\/div><textarea required class=\"uagb-forms-textarea-input uagb-forms-input\" rows=\"4\" placeholder=\"Enter your message\" name=\"cc1249be\" autocomplete=\"off\"><\/textarea><\/div>\n<div class=\"uagb-forms-form-hidden-data\"><input type=\"hidden\" class=\"uagb_forms_form_label\" value=\"Spectra Form\"\/><input type=\"hidden\" class=\"uagb_forms_form_id\" value=\"uagb-form-9a9e9557\"\/><\/div><div class=\"uagb-form-reacaptcha-error-9a9e9557\"><\/div><div class=\"uagb-forms-main-submit-button-wrap wp-block-button\"><button class=\"uagb-forms-main-submit-button wp-block-button__link\"><div class=\"uagb-forms-main-submit-button-text\">G\u00f6nder<\/div><\/button><\/div><\/form><div class=\"uagb-forms-success-message-9a9e9557 uagb-forms-submit-message-hide\"><span>The form has been submitted successfully!<\/span><\/div><div class=\"uagb-forms-failed-message-9a9e9557 uagb-forms-submit-message-hide\"><span>There has been some error while submitting the form. Please verify all form fields again.<\/span><\/div><\/div>\n<\/div>\n<\/div>\n<\/div>\n","protected":false},"excerpt":{"rendered":"<p>Randevu almak istedi\u011finiz ders saatini konu k\u0131sm\u0131nda belirtiniz. En k\u0131sa s\u00fcrede taraf\u0131n\u0131za d\u00f6n\u00fc\u015f sa\u011flayaca\u011f\u0131z.<\/p>\n","protected":false},"author":1,"featured_media":0,"parent":0,"menu_order":0,"comment_status":"closed","ping_status":"closed","template":"","meta":{"_uag_custom_page_level_css":"","_monsterinsights_skip_tracking":false,"_monsterinsights_sitenote_active":false,"_monsterinsights_sitenote_note":"","_monsterinsights_sitenote_category":0,"_swt_meta_header_display":false,"_swt_meta_footer_display":false,"_swt_meta_site_title_display":false,"_swt_meta_sticky_header":false,"_swt_meta_transparent_header":false,"footnotes":""},"aioseo_notices":[],"uagb_featured_image_src":{"full":false,"thumbnail":false,"medium":false,"medium_large":false,"large":false,"1536x1536":false,"2048x2048":false},"uagb_author_info":{"display_name":"onlineogretmenim.com","author_link":"https:\/\/onlineogretmenim.com\/?author=1"},"uagb_comment_info":0,"uagb_excerpt":"Randevu almak istedi\u011finiz ders saatini konu k\u0131sm\u0131nda belirtiniz. En k\u0131sa s\u00fcrede taraf\u0131n\u0131za d\u00f6n\u00fc\u015f sa\u011flayaca\u011f\u0131z.","_links":{"self":[{"href":"https:\/\/onlineogretmenim.com\/index.php?rest_route=\/wp\/v2\/pages\/233"}],"collection":[{"href":"https:\/\/onlineogretmenim.com\/index.php?rest_route=\/wp\/v2\/pages"}],"about":[{"href":"https:\/\/onlineogretmenim.com\/index.php?rest_route=\/wp\/v2\/types\/page"}],"author":[{"embeddable":true,"href":"https:\/\/onlineogretmenim.com\/index.php?rest_route=\/wp\/v2\/users\/1"}],"replies":[{"embeddable":true,"href":"https:\/\/onlineogretmenim.com\/index.php?rest_route=%2Fwp%2Fv2%2Fcomments&post=233"}],"version-history":[{"count":6,"href":"https:\/\/onlineogretmenim.com\/index.php?rest_route=\/wp\/v2\/pages\/233\/revisions"}],"predecessor-version":[{"id":295,"href":"https:\/\/onlineogretmenim.com\/index.php?rest_route=\/wp\/v2\/pages\/233\/revisions\/295"}],"wp:attachment":[{"href":"https:\/\/onlineogretmenim.com\/index.php?rest_route=%2Fwp%2Fv2%2Fmedia&parent=233"}],"curies":[{"name":"wp","href":"https:\/\/api.w.org\/{rel}","templated":true}]}}